{"id":11,"date":"2018-04-13T21:49:58","date_gmt":"2018-04-13T19:49:58","guid":{"rendered":"http:\/\/hollandbusinesspoint.com\/?page_id=11"},"modified":"2018-06-19T19:11:40","modified_gmt":"2018-06-19T17:11:40","slug":"about-hbp","status":"publish","type":"page","link":"https:\/\/hollandbusinesspoint.com\/tr\/about-hbp\/","title":{"rendered":"HBP HAKKINDA"},"content":{"rendered":"<p><section class=\"cs-section cs-parallax xl-padding cs-section-cover-bg\" style=\"background-image: url(http:\/\/hollandbusinesspoint.com\/wp-content\/uploads\/2018\/06\/Office.jpg); background-repeat: no-repeat; background-position: 50% 50%; background-attachment: fixed;\"><div class=\"container\"><div class=\"row\"><div class=\"col-md-6\"><div class=\"cs-column-text cs-animation fadeInRight\" data-delay=\"0.3\" data-duration=\"1\"><h2><span style=\"color: #ffffff;\"><strong>Hollanda\u2019da i\u015finizi kurmaya ve b\u00fcy\u00fctmeye haz\u0131r m\u0131s\u0131n\u0131z?<\/strong><\/span><\/h2>\n<\/div><\/div><div class=\"col-md-6\"><\/div><\/div><\/div><div class=\"section-overlay\" style=\"background-color:rgba(243, 146, 0, 0.8);\"><\/div><\/section><section class=\"cs-section\"><div class=\"container\"><div class=\"row\"><div class=\"col-md-12\"><div class=\"cs-column-text\"><h4><strong>Holland Business Point<\/strong><\/h4>\n<p><strong>18 y\u0131ld\u0131r, T\u00fcrk yat\u0131r\u0131mc\u0131lar\u0131n\u0131n Hollanda\u2019da kendilerini ana vatanlar\u0131nda gibi hissetmeleri i\u00e7in \u00e7al\u0131\u015f\u0131yoruz. Hedefimiz Hollanda\u2019da kolay bir \u015fekilde yat\u0131r\u0131m yapabilmeniz.<\/strong><\/p>\n<h4><strong>Hollanda\u2019da T\u00fcrk yat\u0131r\u0131mlar\u0131n\u0131 kolayla\u015ft\u0131rd\u0131k<\/strong><\/h4>\n<p>Holland Business Point, Hollanda\u2019da yat\u0131r\u0131m yapan T\u00fcrk yat\u0131r\u0131mc\u0131lar ve \u015firketler i\u00e7in finansal, hukuki ve idari hizmetler sunan bir tedarik\u00e7idir. Hollanda pazar\u0131nda yeni misiniz ya da burada halihaz\u0131rda bir i\u015fletmeye mi sahipsiniz? Size her a\u015famada yard\u0131mc\u0131 olaca\u011f\u0131z. \u0130lk yat\u0131r\u0131m a\u015famas\u0131ndan piyasada ba\u015far\u0131l\u0131 bir \u015firket olana dek. Hedefimiz Hollanda\u2019da yat\u0131r\u0131m yapmay\u0131 basit bir hale getirmektir.<\/p>\n<h4><strong>Neden Holland Business Point ile birlikte \u00e7al\u0131\u015fmal\u0131s\u0131n\u0131z?<\/strong><\/h4>\n<p>K\u00f6klerini hem Hollanda hem de T\u00fcrk k\u00fclt\u00fcrlerinden alm\u0131\u015f bir \u015firket olarak bu iki \u00fclke aras\u0131nda k\u00f6pr\u00fc g\u00f6revi g\u00f6r\u00fcyoruz. Ak\u0131c\u0131 bir \u015fekilde T\u00fcrk\u00e7e, \u0130ngilizce ve Hollandaca konu\u015fuyoruz. Avantajlar\u0131m\u0131z:<\/p>\n<ul>\n<li>Ki\u015fiye ve firmaya \u00f6zel hizmet paketleri.<\/li>\n<li>T\u00fcm hizmetlerimize 7\/24 \u00e7evrimi\u00e7i ula\u015fma f\u0131rsat\u0131<\/li>\n<li>Tek \u00e7at\u0131 alt\u0131nda hukuki, finansal ve idari hizmetler<\/li>\n<li>Hollanda ve T\u00fcrk i\u015f k\u00fclt\u00fcr\u00fc hakk\u0131nda derin bilgi<\/li>\n<li>Hollanda\u2019daki T\u00fcrk \u015firketlerine dan\u0131\u015fmanl\u0131k konusunda 18 y\u0131ll\u0131k tecr\u00fcbe.<\/li>\n<\/ul>\n<p>Bizimle \u00e7al\u0131\u015farak siz de k\u00e2ra ge\u00e7ebilir zamandan tasarruf edebilirsiniz. Buradan t\u00fcm <a href=\"http:\/\/hollandbusinesspoint.com\/tr\/services\/\">hizmetlerimizi<\/a> ke\u015ffedin.<\/p>\n<h4><strong>T\u00fcrkiye ve Hollanda: \u015eimdi i\u015f konu\u015fal\u0131m<\/strong><\/h4>\n<p>Hollanda, T\u00fcrk \u015firketleri ve yat\u0131r\u0131mc\u0131lar\u0131 i\u00e7in do\u011fal bir uyum yarat\u0131yor. \u015eu m\u00fckemmel faydalara bir g\u00f6z at\u0131n:<\/p>\n<ol>\n<li>Hollanda dura\u011fan ve i\u015f dostu bir atmosfer sunuyor.<\/li>\n<li>Hollanda, Avrupa Birli\u011fi (AB) i\u00e7indeki en b\u00fcy\u00fck 6. ekonomidir.<\/li>\n<li>Avrupa\u2019da bir merkez konumunda olarak harika bir altyap\u0131ya sahiptir.<\/li>\n<li>Avrupa\u2019da 500 milyondan fazla t\u00fcketici pazar\u0131na eri\u015fim.<\/li>\n<li>Hollanda, T\u00fcrkiye\u2019nin ba\u015f yabanc\u0131 yat\u0131r\u0131mc\u0131s\u0131d\u0131r.<\/li>\n<li>T\u00fcrkiye\u2019nin Hollanda\u2019ya ihracat\u0131 2016 y\u0131l\u0131nda $3.6 milyard\u0131.<\/li>\n<li>Hollanda, T\u00fcrkiye\u2019nin 10. en b\u00fcy\u00fck ihracat pazar\u0131d\u0131r.<\/li>\n<li>Hollanda, hat\u0131r\u0131 say\u0131l\u0131r bir T\u00fcrk g\u00f6\u00e7men n\u00fcfusa sahiptir.<\/li>\n<\/ol>\n<\/div><\/div><\/div><\/div><\/section><section class=\"cs-section lg-padding\" style=\" background-color: #2a2f67;\"><div class=\"container\"><div class=\"row\"><div class=\"col-md-2\"><\/div><div class=\"col-md-8\">[vc_icon icon_fontawesome=&#8221;fa fa-quote-right&#8221; color=&#8221;grey&#8221; align=&#8221;center&#8221;]<div class=\"cs-column-text\"><h2 style=\"text-align: center;\"><span style=\"color: #ffffff;\"><strong>Hollanda\u2019da i\u015finizi kurmaya<br \/>\nve b\u00fcy\u00fctmeye haz\u0131r m\u0131s\u0131n\u0131z?<\/strong><\/span><\/h2>\n<p style=\"text-align: center;\"><span style=\"color: #ffffff;\">T\u00fcm detaylar\u0131 bize b\u0131rak\u0131n ve bu \u015fekilde yaln\u0131zca i\u015finize odaklanabilirsiniz.\u00a0<\/span><\/p>\n<\/div>[vc_empty_space]<div class=\"cs-btn-align text-center\"><a href=\"http:\/\/hollandbusinesspoint.com\/services\/\" class=\"cs-btn cs-btn-outlined cs-btn-pill cs-btn-outlined-white cs-btn-lg cs-btn-no-bold\">H\u0130ZMETLER\u0130M\u0130Z<\/a><\/div><\/div><div class=\"col-md-2\"><\/div><\/div><\/div><\/section><\/p>","protected":false},"excerpt":{"rendered":"<p><span class=\"entry-read-more\"><a href=\"https:\/\/hollandbusinesspoint.com\/tr\/about-hbp\/\" class=\"cs-btn cs-btn-flat cs-btn-rounded cs-btn-xxs cs-btn-flat-accent\">Daha fazlas\u0131n\u0131 oku<\/a><\/span><\/p>\n","protected":false},"author":1,"featured_media":0,"parent":0,"menu_order":0,"comment_status":"closed","ping_status":"closed","template":"","meta":{"footnotes":""},"_links":{"self":[{"href":"https:\/\/hollandbusinesspoint.com\/tr\/wp-json\/wp\/v2\/pages\/11"}],"collection":[{"href":"https:\/\/hollandbusinesspoint.com\/tr\/wp-json\/wp\/v2\/pages"}],"about":[{"href":"https:\/\/hollandbusinesspoint.com\/tr\/wp-json\/wp\/v2\/types\/page"}],"author":[{"embeddable":true,"href":"https:\/\/hollandbusinesspoint.com\/tr\/wp-json\/wp\/v2\/users\/1"}],"replies":[{"embeddable":true,"href":"https:\/\/hollandbusinesspoint.com\/tr\/wp-json\/wp\/v2\/comments?post=11"}],"version-history":[{"count":0,"href":"https:\/\/hollandbusinesspoint.com\/tr\/wp-json\/wp\/v2\/pages\/11\/revisions"}],"wp:attachment":[{"href":"https:\/\/hollandbusinesspoint.com\/tr\/wp-json\/wp\/v2\/media?parent=11"}],"curies":[{"name":"wp","href":"https:\/\/api.w.org\/{rel}","templated":true}]}}