{"id":13,"date":"2018-04-13T21:50:10","date_gmt":"2018-04-13T19:50:10","guid":{"rendered":"http:\/\/hollandbusinesspoint.com\/?page_id=13"},"modified":"2018-05-24T16:05:47","modified_gmt":"2018-05-24T14:05:47","slug":"services","status":"publish","type":"page","link":"https:\/\/hollandbusinesspoint.com\/tr\/services\/","title":{"rendered":"H\u0130ZMETLER\u0130M\u0130Z"},"content":{"rendered":"<p><section class=\"cs-section cs-parallax xl-padding cs-section-cover-bg\" style=\"background-image: url(http:\/\/hollandbusinesspoint.com\/wp-content\/uploads\/2018\/05\/Document.jpeg); background-repeat: no-repeat; background-position: 50% 50%; background-attachment: fixed;\"><div class=\"container\"><div class=\"row\"><div class=\"col-md-6\"><div class=\"cs-column-text cs-animation fadeInRight\" data-delay=\"0.3\" data-duration=\"1\"><h3><span style=\"color: #ffffff;\">Size finansal, hukuki ve idari dan\u0131\u015fmanl\u0131k hizmeti sunuyoruz.<\/span><\/h3>\n<\/div><\/div><div class=\"col-md-6\"><\/div><\/div><\/div><div class=\"section-overlay\" style=\"background-color:rgba(243, 146, 0, 0.8);\"><\/div><\/section><section class=\"cs-section\"><div class=\"container\"><div class=\"row\"><div class=\"col-md-6\"><div class=\"cs-column-text\"><h4><strong>Hollanda\u2019daki T\u00fcrk yat\u0131r\u0131mc\u0131lar i\u00e7in Hizmetlerimiz<\/strong><\/h4>\n<p>Hollanda hukuk ve vergi sistemleri T\u00fcrkiye\u2019dekinden farkl\u0131d\u0131r. Fakat T\u00fcrk yat\u0131r\u0131mc\u0131lar i\u00e7in sundu\u011fumuz \u00fcst\u00fcn hizmetler sayesinde bu i\u015flemleri sizin i\u00e7in sorunsuz bir hale getiriyoruz.<\/p>\n<h4><strong>Hollanda\u2019daki T\u00fcrk yat\u0131r\u0131mc\u0131lar i\u00e7in Hizmetlerimiz<\/strong><\/h4>\n<p>Hollanda yat\u0131r\u0131m yapmak i\u00e7in m\u00fckemmel bir pazar. Yine de, Hollanda hukuku ve d\u00fczenlemeleri T\u00fcrkiye\u2019dekilerden farkl\u0131 ve karma\u015f\u0131k. Fakat T\u00fcrk yat\u0131r\u0131mc\u0131lar i\u00e7in \u00fcst\u00fcn finansal, hukuki ve idari hizmetlerimiz sayesinde yat\u0131r\u0131m yapmay\u0131 zahmetsiz bir s\u00fcrece d\u00f6n\u00fc\u015ft\u00fcr\u00fcyoruz. Deneyimimiz ve uzmanl\u0131\u011f\u0131m\u0131z ile Hollanda\u2019da k\u0131sa s\u00fcre i\u00e7inde i\u015finizi kurabilir ve b\u00fcy\u00fctebilirsiniz. Nas\u0131l \u00e7al\u0131\u015f\u0131yoruz?<\/p>\n<h4><strong>Hizmetinizi T\u00fcrk\u00e7e, Hollandaca ve \u0130ngilizce olarak \u00f6zelle\u015ftirin<\/strong><\/h4>\n<p>Ne t\u00fcr hizmetlere ihtiyac\u0131n\u0131z oldu\u011funu de\u011ferlendirmek i\u00e7in ilk olarak bir toplant\u0131 d\u00fczenliyoruz. \u0130\u015fletmenizi ve ihtiya\u00e7lar\u0131n\u0131z\u0131 kapsaml\u0131 bir \u015fekilde \u00f6\u011frendikten sonra birlikte sizin i\u00e7in \u00f6zel bir hizmet paketi haz\u0131rlayaca\u011f\u0131z. Bu \u015fekilde, ihtiyac\u0131n\u0131z olmayan hizmetler i\u00e7in de para \u00f6demek zorunda kalmayacaks\u0131n\u0131z. Her \u015feyi y\u00fczde 100 \u015feffaf ve kolay anla\u015f\u0131l\u0131r bir hale getirmek i\u00e7in t\u00fcm hizmetlerimizi T\u00fcrk\u00e7e, \u0130ngilizce ve Hollandaca sunuyoruz. Ayr\u0131ca, hizmetlerimiz \u00e7evrimi\u00e7i, her yerden ve her zaman ula\u015f\u0131labilir.<\/p>\n<h4><strong>\u0130\u015fletmeniz i\u00e7in ne yapabiliriz?<\/strong><\/h4>\n<p>Size finansal, hukuki ve idari dan\u0131\u015fmanl\u0131k hizmeti sunuyoruz:<\/p>\n<\/div><\/div><div class=\"col-md-6\">[vc_tta_tour style=&#8221;modern&#8221; spacing=&#8221;5&#8243; active_section=&#8221;1&#8243;][vc_tta_section title=&#8221;Noter&#8221; tab_id=&#8221;1526926223179-87a9d675-94b6&#8243;]<div class=\"cs-column-text\"><p><strong>Noterlik, Hollanda\u2019da kritik bir hukuki role sahiptir ve e\u011fer burada bir i\u015f kurmak istiyorsan\u0131z sizin i\u00e7in hayati bir \u00f6neme sahiptir. Noterli\u011fimiz sizin i\u00e7in ne yapabilir?:<\/strong><\/p>\n<ul>\n<li>Taslak mukavele haz\u0131rlama ve i\u015fleme koyma<\/li>\n<li>Mukavele ve s\u00f6zle\u015fme ile ilgili hukuki dan\u0131\u015fmanl\u0131k hizmeti sunma<\/li>\n<li>S\u00f6zle\u015fmeleri kaydetmek ve noter huzurunda kayda ge\u00e7irerek ge\u00e7erli hale getirme<\/li>\n<\/ul>\n<\/div>[\/vc_tta_section][vc_tta_section title=&#8221;Avukat&#8221; tab_id=&#8221;1526926223190-bdb957e3-b604&#8243;]<div class=\"cs-column-text\"><p><strong>Avukat\u0131m\u0131z, i\u015fletmenizin her zaman ge\u00e7erli hukuk kurallar\u0131yla uyumlu olmas\u0131n\u0131 sa\u011flayacakt\u0131r. \u015eu t\u00fcr sorunlarla ilgili size hukuki dan\u0131\u015fmanl\u0131k sunuyoruz:<\/strong><\/p>\n<ul>\n<li>\u0130\u015f kanunu<\/li>\n<li>S\u00f6zle\u015fme kanunu<\/li>\n<li>Gizlilik kanunu<\/li>\n<li>\u015eirket kanunu<\/li>\n<li>Gayrimenkul yat\u0131r\u0131m\u0131<\/li>\n<li>Fikr\u00ee m\u00fclkiyet haklar\u0131<\/li>\n<li>\u00c7al\u0131\u015fma ve yerle\u015fme hakk\u0131<\/li>\n<\/ul>\n<\/div>[\/vc_tta_section][vc_tta_section title=&#8221;Muhasebe&#8221; tab_id=&#8221;1526926319670-bb95f77c-fbb9&#8243;]<div class=\"cs-column-text\"><p><strong>Vergiler, muhasebe ve finansal y\u00f6netim ile ilgili t\u00fcm ihtiya\u00e7lar\u0131n\u0131z i\u00e7in idari ofisimiz mevcuttur. \u015eu konularda hizmet veriyoruz:<\/strong><\/p>\n<ul>\n<li>Dijital ar\u015fiv<\/li>\n<li>Finansal dan\u0131\u015fmanl\u0131k<\/li>\n<li>\u00c7evrimi\u00e7i muhasebe<\/li>\n<li>Maa\u015f y\u00f6netimi<\/li>\n<li>Muhasebe &amp; Raporlama<\/li>\n<li>Veri hizmetleri ve vergi beyannameleri<\/li>\n<\/ul>\n<\/div>[\/vc_tta_section][\/vc_tta_tour]<\/div><\/div><\/div><\/section><section class=\"cs-section lg-padding\" style=\" background-color: #2a2f67;\"><div class=\"container\"><div class=\"row\"><div class=\"col-md-2\"><\/div><div class=\"col-md-8\">[vc_icon icon_fontawesome=&#8221;fa fa-quote-right&#8221; color=&#8221;grey&#8221; align=&#8221;center&#8221;]<div class=\"cs-column-text\"><h2 style=\"text-align: center;\"><span style=\"color: #ffffff;\"><strong>Bizimle Hollanda\u2019da i\u015finizi b\u00fcy\u00fct\u00fcn<\/strong> <\/span><\/h2>\n<p style=\"text-align: center;\"><span style=\"color: #ffffff;\">Hollanda\u2019da i\u015finize odaklan\u0131n ve Hollanda hukuki, finansal ve idari ihtiya\u00e7lar\u0131n\u0131z\u0131 bize b\u0131rak\u0131n. \u015eimdi bizimle ileti\u015fime ge\u00e7in ve sizin i\u00e7in neler sundu\u011fumuzu ke\u015ffedin.<\/span><\/p>\n<\/div>[vc_empty_space]<div class=\"cs-btn-align text-center\"><a href=\"http:\/\/hollandbusinesspoint.com\/contact\/\" class=\"cs-btn cs-btn-outlined cs-btn-pill cs-btn-outlined-white cs-btn-lg cs-btn-no-bold\">\u0130LET\u0130\u015e\u0130M<\/a><\/div><\/div><div class=\"col-md-2\"><\/div><\/div><\/div><\/section><\/p>","protected":false},"excerpt":{"rendered":"<p><span class=\"entry-read-more\"><a href=\"https:\/\/hollandbusinesspoint.com\/tr\/services\/\" class=\"cs-btn cs-btn-flat cs-btn-rounded cs-btn-xxs cs-btn-flat-accent\">Daha fazlas\u0131n\u0131 oku<\/a><\/span><\/p>\n","protected":false},"author":1,"featured_media":0,"parent":0,"menu_order":0,"comment_status":"closed","ping_status":"closed","template":"","meta":{"footnotes":""},"_links":{"self":[{"href":"https:\/\/hollandbusinesspoint.com\/tr\/wp-json\/wp\/v2\/pages\/13"}],"collection":[{"href":"https:\/\/hollandbusinesspoint.com\/tr\/wp-json\/wp\/v2\/pages"}],"about":[{"href":"https:\/\/hollandbusinesspoint.com\/tr\/wp-json\/wp\/v2\/types\/page"}],"author":[{"embeddable":true,"href":"https:\/\/hollandbusinesspoint.com\/tr\/wp-json\/wp\/v2\/users\/1"}],"replies":[{"embeddable":true,"href":"https:\/\/hollandbusinesspoint.com\/tr\/wp-json\/wp\/v2\/comments?post=13"}],"version-history":[{"count":0,"href":"https:\/\/hollandbusinesspoint.com\/tr\/wp-json\/wp\/v2\/pages\/13\/revisions"}],"wp:attachment":[{"href":"https:\/\/hollandbusinesspoint.com\/tr\/wp-json\/wp\/v2\/media?parent=13"}],"curies":[{"name":"wp","href":"https:\/\/api.w.org\/{rel}","templated":true}]}}