{"id":9,"date":"2018-04-13T21:49:15","date_gmt":"2018-04-13T19:49:15","guid":{"rendered":"http:\/\/hollandbusinesspoint.com\/?page_id=9"},"modified":"2018-06-19T19:17:18","modified_gmt":"2018-06-19T17:17:18","slug":"contact","status":"publish","type":"page","link":"https:\/\/hollandbusinesspoint.com\/tr\/contact\/","title":{"rendered":"\u0130LET\u0130\u015e\u0130M"},"content":{"rendered":"<p><section class=\"cs-section cs-parallax xl-padding cs-section-cover-bg\" style=\"background-image: url(http:\/\/hollandbusinesspoint.com\/wp-content\/uploads\/2018\/06\/draaimolen.jpg); background-repeat: no-repeat; background-position: 50% 100%; background-attachment: fixed;\"><div class=\"container\"><div class=\"row\"><div class=\"col-md-6\"><div class=\"cs-column-text cs-animation fadeInRight\" data-delay=\"0.3\" data-duration=\"1\"><h2><span style=\"color: #ffffff;\">Bizimle ileti\u015fime ge\u00e7in<\/span><\/h2>\n<\/div><\/div><div class=\"col-md-6\"><\/div><\/div><\/div><div class=\"section-overlay\" style=\"background-color:rgba(243, 146, 0, 0.8);\"><\/div><\/section><section class=\"cs-section\"><div class=\"container\"><div class=\"row\"><div class=\"col-md-6\"><div class=\"cs-iconbox cs-iconbox-left\"><div class=\"cs-iconbox-header\"><div class=\"cs-iconbox-icon\"><span class=\"cs-in fa fa-map-marker cs-icon cs-icon-accent cs-icon-bgcolor cs-icon-rounded cs-icon-sm\"><\/span><\/div><\/div><div class=\"cs-iconbox-block\"><div class=\"cs-iconbox-title\"><h4 class=\"cs-iconbox-heading\">Addres<\/h4><\/div><div class=\"cs-iconbox-text\"><p>Radarstraat 1<br \/>\n2525 KC Den Haag<br \/>\nHollanda<\/p>\n<\/div><\/div><\/div><div class=\"cs-iconbox cs-iconbox-left\"><div class=\"cs-iconbox-header\"><div class=\"cs-iconbox-icon\"><span class=\"cs-in im im-phone2 cs-icon cs-icon-accent cs-icon-bgcolor cs-icon-rounded cs-icon-sm\"><\/span><\/div><\/div><div class=\"cs-iconbox-block\"><div class=\"cs-iconbox-title\"><h4 class=\"cs-iconbox-heading\">Telefon numaras\u0131<\/h4><\/div><div class=\"cs-iconbox-text\"><p>(010) 999 88 77<\/p>\n<\/div><\/div><\/div><div class=\"cs-iconbox cs-iconbox-left\"><div class=\"cs-iconbox-header\"><div class=\"cs-iconbox-icon\"><span class=\"cs-in im im-envelop cs-icon cs-icon-accent cs-icon-bgcolor cs-icon-rounded cs-icon-sm\"><\/span><\/div><\/div><div class=\"cs-iconbox-block\"><div class=\"cs-iconbox-title\"><h4 class=\"cs-iconbox-heading\">E-posta adresi<\/h4><\/div><div class=\"cs-iconbox-text\"><p><a href=\"mailto:info@hollandbusinesspoint.com\">info@hollandbusinesspoint.com<\/a><\/p>\n<\/div><\/div><\/div><\/div><div class=\"col-md-6\"><div class=\"cs-column-text vc_custom_1526929067007\"><p>[caldera_form id=&#8221;CF5b03136a68550&#8243;]<\/p>\n<\/div><\/div><\/div><\/div><\/section><section class=\"cs-section no-padding\" style=\" background-color: #2a2f67;\"><div class=\"container-fluid\"><div class=\"row\"><div class=\"col-md-12\">[vc_gmaps link=&#8221;#E-8_JTNDaWZyYW1lJTIwc3JjJTNEJTIyaHR0cHMlM0ElMkYlMkZ3d3cuZ29vZ2xlLmNvbSUyRm1hcHMlMkZlbWJlZCUzRnBiJTNEJTIxMW0xOCUyMTFtMTIlMjExbTMlMjExZDEyNTIyNzEuMzc0NDA2ODcxOSUyMTJkNC4xNTc1MzM2NzAxOTE5NDIlMjEzZDUyLjE5MTczNTAyMzU2OTEzJTIxMm0zJTIxMWYwJTIxMmYwJTIxM2YwJTIxM20yJTIxMWkxMDI0JTIxMmk3NjglMjE0ZjEzLjElMjEzbTMlMjExbTIlMjExczB4NDdjNjA5YzNkYjg3ZTRiYiUyNTNBMHhiM2ExNzVjZWZmYmQwYTlmJTIxMnNOZWRlcmxhbmQlMjE1ZTAlMjEzbTIlMjExc25sJTIxMnNubCUyMTR2MTUyNjkyNzUzNjUwNCUyMiUyMHdpZHRoJTNEJTIyNjAwJTIyJTIwaGVpZ2h0JTNEJTIyNDUwJTIyJTIwZnJhbWVib3JkZXIlM0QlMjIwJTIyJTIwc3R5bGUlM0QlMjJib3JkZXIlM0EwJTIyJTIwYWxsb3dmdWxsc2NyZWVuJTNFJTNDJTJGaWZyYW1lJTNF&#8221;]<\/div><\/div><\/div><\/section><\/p>","protected":false},"excerpt":{"rendered":"<p><span class=\"entry-read-more\"><a href=\"https:\/\/hollandbusinesspoint.com\/tr\/contact\/\" class=\"cs-btn cs-btn-flat cs-btn-rounded cs-btn-xxs cs-btn-flat-accent\">Daha fazlas\u0131n\u0131 oku<\/a><\/span><\/p>\n","protected":false},"author":1,"featured_media":0,"parent":0,"menu_order":0,"comment_status":"closed","ping_status":"closed","template":"","meta":{"footnotes":""},"_links":{"self":[{"href":"https:\/\/hollandbusinesspoint.com\/tr\/wp-json\/wp\/v2\/pages\/9"}],"collection":[{"href":"https:\/\/hollandbusinesspoint.com\/tr\/wp-json\/wp\/v2\/pages"}],"about":[{"href":"https:\/\/hollandbusinesspoint.com\/tr\/wp-json\/wp\/v2\/types\/page"}],"author":[{"embeddable":true,"href":"https:\/\/hollandbusinesspoint.com\/tr\/wp-json\/wp\/v2\/users\/1"}],"replies":[{"embeddable":true,"href":"https:\/\/hollandbusinesspoint.com\/tr\/wp-json\/wp\/v2\/comments?post=9"}],"version-history":[{"count":0,"href":"https:\/\/hollandbusinesspoint.com\/tr\/wp-json\/wp\/v2\/pages\/9\/revisions"}],"wp:attachment":[{"href":"https:\/\/hollandbusinesspoint.com\/tr\/wp-json\/wp\/v2\/media?parent=9"}],"curies":[{"name":"wp","href":"https:\/\/api.w.org\/{rel}","templated":true}]}}